
	
{"id":3612,"date":"2023-10-30T10:12:00","date_gmt":"2023-10-30T10:12:00","guid":{"rendered":"https:\/\/prague.foxthemes.me\/elementor\/?page_id=3612"},"modified":"2026-02-26T13:32:07","modified_gmt":"2026-02-26T13:32:07","slug":"iletisim","status":"publish","type":"page","link":"https:\/\/www.ugurcaninsaat.com\/index.php\/iletisim\/","title":{"rendered":"\u0130LET\u0130\u015e\u0130M"},"content":{"rendered":"\t\t<div data-elementor-type=\"wp-page\" data-elementor-id=\"3612\" class=\"elementor elementor-3612\">\n\t\t\t\t<div class=\"elementor-element elementor-element-a543f64 e-con-full e-flex e-con e-parent\" data-id=\"a543f64\" data-element_type=\"container\">\n\t\t<div class=\"elementor-element elementor-element-67770aa e-con-full e-flex e-con e-child\" data-id=\"67770aa\" data-element_type=\"container\" data-settings=\"{&quot;background_background&quot;:&quot;classic&quot;}\">\n\t\t<div class=\"elementor-element elementor-element-952899d e-con-full e-flex e-con e-child\" data-id=\"952899d\" data-element_type=\"container\" data-settings=\"{&quot;background_background&quot;:&quot;gradient&quot;}\">\n\t\t\t\t<\/div>\n\t\t\t\t<div class=\"elementor-element elementor-element-bd3dc69 elementor-widget elementor-widget-banner-title\" data-id=\"bd3dc69\" data-element_type=\"widget\" data-settings=\"{&quot;_animation&quot;:&quot;none&quot;}\" data-widget_type=\"banner-title.default\">\n\t\t\t\t<div class=\"elementor-widget-container\">\n\t\t\t\t\t\t\t<section class=\"container-fluid top-banner no-padd  simple fullheight light\">\t\t\t\t<span class=\"overlay\"><\/span>\n\t\t\t\t\t\t<div class=\"content\">\n\t\t\t\t<div class=\"prague-svg-animation-text\">\n\t\t\t\t\t\t\t\t\t<\/div>\n\t\t\t\t\t\t\t\t<h1 class=\"title\">\u0130leti\u015fim<\/h1>\t\t\t\t\t\t\t\t\t\t\t<\/div>\n\t\t\t<div class=\"top-banner-cursor\"><\/div>\n\t\t<\/section>\n\t\t\t\t\t\t<\/div>\n\t\t\t\t<\/div>\n\t\t\t\t<\/div>\n\t\t\t\t<\/div>\n\t\t<div class=\"elementor-element elementor-element-40c200f e-con-full e-flex e-con e-parent\" data-id=\"40c200f\" data-element_type=\"container\">\n\t\t\t\t<div class=\"elementor-element elementor-element-52f6555 elementor-widget__width-inherit elementor-widget elementor-widget-google_maps\" data-id=\"52f6555\" data-element_type=\"widget\" data-widget_type=\"google_maps.default\">\n\t\t\t\t<div class=\"elementor-widget-container\">\n\t\t\t\t\t\t\t<div class=\"elementor-custom-embed\">\n\t\t\t<iframe loading=\"lazy\"\n\t\t\t\t\tsrc=\"https:\/\/maps.google.com\/maps?q=K%C4%B1z%C4%B1lar%C4%B1k%20Mah.%20K%C4%B1z%C4%B1l%C4%B1rmak%20Cad.%20U%C4%9Furcan%20Apt.%2092%2F1%2C%2007310%20Muratpa%C5%9Fa%2FAntalya&#038;t=m&#038;z=18&#038;output=embed&#038;iwloc=near\"\n\t\t\t\t\ttitle=\"K\u0131z\u0131lar\u0131k Mah. K\u0131z\u0131l\u0131rmak Cad. U\u011furcan Apt. 92\/1, 07310 Muratpa\u015fa\/Antalya\"\n\t\t\t\t\taria-label=\"K\u0131z\u0131lar\u0131k Mah. K\u0131z\u0131l\u0131rmak Cad. U\u011furcan Apt. 92\/1, 07310 Muratpa\u015fa\/Antalya\"\n\t\t\t><\/iframe>\n\t\t<\/div>\n\t\t\t\t\t\t<\/div>\n\t\t\t\t<\/div>\n\t\t\t\t<\/div>\n\t\t<div class=\"elementor-element elementor-element-1350c78 e-flex e-con-boxed e-con e-parent\" data-id=\"1350c78\" data-element_type=\"container\">\n\t\t\t\t\t<div class=\"e-con-inner\">\n\t\t<div class=\"elementor-element elementor-element-b87d8d5 e-con-full e-flex e-con e-child\" data-id=\"b87d8d5\" data-element_type=\"container\">\n\t\t\t\t<div class=\"elementor-element elementor-element-2b47c5b elementor-widget elementor-widget-headings-widget\" data-id=\"2b47c5b\" data-element_type=\"widget\" data-widget_type=\"headings-widget.default\">\n\t\t\t\t<div class=\"elementor-widget-container\">\n\t\t\t\t\t            <div class=\"heading  left dark \">\n\t\t\t\t\n\t\t\t\t                                    <h2 class=\"title s\">B\u0130ZE ULA\u015eIN<\/h2>\n                \t\t\t\t                <div class=\"content \">\n                    <p><p>U\u011furcan \u0130n\u015faat olarak size en do\u011fru ve h\u0131zl\u0131 \u015fekilde yan\u0131t vermek i\u00e7in buraday\u0131z. \u0130ster yeni bir proje, ister dan\u0131\u015fmanl\u0131k talebi olsun, uzman ekibimizle her zaman ileti\u015fime ge\u00e7ebilirsiniz. G\u00fcvenli ve g\u00fc\u00e7l\u00fc yap\u0131lar i\u00e7in ilk ad\u0131m\u0131 birlikte atal\u0131m.<\/p><\/p><\/div>\n\t\t\t\t\n            <\/div>\n\t\t\t\t\t\t\t<\/div>\n\t\t\t\t<\/div>\n\t\t<div class=\"elementor-element elementor-element-f1efa80 e-con-full e-flex e-con e-child\" data-id=\"f1efa80\" data-element_type=\"container\">\n\t\t<div class=\"elementor-element elementor-element-3ed4783 e-con-full e-flex e-con e-child\" data-id=\"3ed4783\" data-element_type=\"container\">\n\t\t\t\t<div class=\"elementor-element elementor-element-2abbbce elementor-widget elementor-widget-address-widget\" data-id=\"2abbbce\" data-element_type=\"widget\" data-widget_type=\"address-widget.default\">\n\t\t\t\t<div class=\"elementor-widget-container\">\n\t\t\t\t\t\t\t <div class=\"adddress-block  \">\n          \n          <div class=\"address-block-outer\">\n                        <span class=\"separator\"><\/span>\n                        \n                        <h4 class=\"address-title\">TELEFON<\/h4>\n            \n            \n            <p><a href=\"tel:+9(0)2423383990\">+90 242 338 39 90<\/a><\/p>\n<p><a href=\"tel:+9(0)5322955876\">+90 532 295 58 76<\/a><\/p>\n<p><a href=\"tel:+9(0)5543780808\">+90 554\u00a0 378 08 08<\/a><\/p>\n<p><a href=\"tel:+9(0)5370140214\">+90 537 014 02 14<\/a><\/p>\n          <\/div>\n      <\/div>\n      \t\t\t\t<\/div>\n\t\t\t\t<\/div>\n\t\t\t\t<\/div>\n\t\t<div class=\"elementor-element elementor-element-6b4b13e e-con-full e-flex e-con e-child\" data-id=\"6b4b13e\" data-element_type=\"container\">\n\t\t\t\t<div class=\"elementor-element elementor-element-6da93c9 elementor-widget elementor-widget-address-widget\" data-id=\"6da93c9\" data-element_type=\"widget\" data-widget_type=\"address-widget.default\">\n\t\t\t\t<div class=\"elementor-widget-container\">\n\t\t\t\t\t\t\t <div class=\"adddress-block  \">\n          \n          <div class=\"address-block-outer\">\n                        <span class=\"separator\"><\/span>\n                        \n                        <h4 class=\"address-title\">MAIL<\/h4>\n            \n            \n            <p>info@ugurcaninsaat.com<\/p>\n          <\/div>\n      <\/div>\n      \t\t\t\t<\/div>\n\t\t\t\t<\/div>\n\t\t\t\t<\/div>\n\t\t<div class=\"elementor-element elementor-element-0c30340 e-con-full e-flex e-con e-child\" data-id=\"0c30340\" data-element_type=\"container\">\n\t\t\t\t<div class=\"elementor-element elementor-element-d1726a7 elementor-widget elementor-widget-address-widget\" data-id=\"d1726a7\" data-element_type=\"widget\" data-widget_type=\"address-widget.default\">\n\t\t\t\t<div class=\"elementor-widget-container\">\n\t\t\t\t\t\t\t <div class=\"adddress-block  \">\n          \n          <div class=\"address-block-outer\">\n                        <span class=\"separator\"><\/span>\n                        \n                        <h4 class=\"address-title\">ADRES<\/h4>\n            \n            \n            <p>K\u0131z\u0131lar\u0131k Mh. K\u0131z\u0131l\u0131rmak Cd. U\u011furcan Apt. 92\/1 Muratpa\u015fa \/ ANTALYA<\/p>\n          <\/div>\n      <\/div>\n      \t\t\t\t<\/div>\n\t\t\t\t<\/div>\n\t\t\t\t<\/div>\n\t\t\t\t<\/div>\n\t\t\t\t<\/div>\n\t\t<div class=\"elementor-element elementor-element-e221449 e-con-full e-flex e-con e-child\" data-id=\"e221449\" data-element_type=\"container\">\n\t\t\t\t<div class=\"elementor-element elementor-element-6f491e1 elementor-widget elementor-widget-formidablez\" data-id=\"6f491e1\" data-element_type=\"widget\" data-widget_type=\"formidablez.default\">\n\t\t\t\t<div class=\"elementor-widget-container\">\n\t\t\t\t\t\t\t\n\t\t\t<div class=\"prague-formidable \"> <div class=\"frm_forms  with_frm_style frm_style_formidable-style\" id=\"frm_form_2_container\" >\n<form enctype=\"multipart\/form-data\" method=\"post\" class=\"frm-show-form contact-us-form\" id=\"form_jgd6s\" >\n<div class=\"frm_form_fields \">\n<fieldset>\n<legend class=\"frm_hidden\">Contact Us Form<\/legend>\r\n\r\n<div class=\"frm_fields_container\">\n<input type=\"hidden\" name=\"frm_action\" value=\"create\" \/>\n<input type=\"hidden\" name=\"form_id\" value=\"2\" \/>\n<input type=\"hidden\" name=\"frm_hide_fields_2\" id=\"frm_hide_fields_2\" value=\"\" \/>\n<input type=\"hidden\" name=\"form_key\" value=\"jgd6s\" \/>\n<input type=\"hidden\" name=\"item_meta[0]\" value=\"\" \/>\n<input type=\"hidden\" id=\"frm_submit_entry_2\" name=\"frm_submit_entry_2\" value=\"70c7c801aa\" \/><input type=\"hidden\" name=\"_wp_http_referer\" value=\"\/index.php\/wp-json\/wp\/v2\/pages\/3612\" \/><div class=\"row\">\r\n<div class=\"col-md-6 col-sm-6\">\r\n<div id=\"frm_field_6_container\" class=\"frm_form_field form-field  frm_required_field frm_none_container\">\r\n    <label for=\"field_tgfdg\" class=\"frm_primary_label\">\u0130sim\r\n        <span class=\"frm_required\">*<\/span>\r\n    <\/label>\r\n    <input type=\"text\" id=\"field_tgfdg\" name=\"item_meta[6]\" value=\"\"  placeholder=\"\u0130sim\" data-reqmsg=\"\u0130sim bo\u015f b\u0131rak\u0131lamaz.\" aria-required=\"true\" data-invmsg=\"\u0130sim is invalid\" aria-invalid=\"false\"  \/>\r\n    \r\n    \r\n<\/div>\r\n<\/div>\n<div class=\"col-md-6 col-sm-6\">\r\n<div id=\"frm_field_7_container\" class=\"frm_form_field form-field  frm_none_container\">\r\n    <label for=\"field_4bs9q\" class=\"frm_primary_label\">Telefon\r\n        <span class=\"frm_required\"><\/span>\r\n    <\/label>\r\n    <input type=\"text\" id=\"field_4bs9q\" name=\"item_meta[7]\" value=\"\"  placeholder=\"Telefon\" data-invmsg=\"Telefon is invalid\" aria-invalid=\"false\"  \/>\r\n    \r\n    \r\n<\/div>\r\n<\/div>\r\n<\/div>\n<div id=\"frm_field_8_container\" class=\"frm_form_field form-field  frm_required_field frm_none_container\">\r\n    <label for=\"field_1ghyp\" class=\"frm_primary_label\">Email\r\n        <span class=\"frm_required\">*<\/span>\r\n    <\/label>\r\n    <input type=\"email\" id=\"field_1ghyp\" name=\"item_meta[8]\" value=\"\"  placeholder=\"Email\" data-reqmsg=\"Email bo\u015f b\u0131rak\u0131lamaz.\" aria-required=\"true\" data-invmsg=\"L\u00fctfen ge\u00e7erli bir Email adresi giriniz.\" aria-invalid=\"false\"  \/>\r\n    \r\n    \r\n<\/div>\n<div id=\"frm_field_9_container\" class=\"frm_form_field form-field  frm_none_container\">\r\n    <label for=\"field_jy2v2\" class=\"frm_primary_label\">Mesaj\r\n        <span class=\"frm_required\"><\/span>\r\n    <\/label>\r\n    <textarea name=\"item_meta[9]\" id=\"field_jy2v2\" rows=\"5\"  placeholder=\"Mesaj\" data-invmsg=\"Mesaj is invalid\" aria-invalid=\"false\"  ><\/textarea>\r\n    \r\n    \r\n<\/div>\n<div id=\"frm_field_26_container\" class=\"frm_form_field form-field \">\r\n\t<div class=\"frm_submit\">\r\n\r\n<img decoding=\"async\" class=\"frm_ajax_loading\" src=\"https:\/\/www.ugurcaninsaat.com\/wp-content\/plugins\/formidable\/images\/ajax_loader.gif\" alt=\"Sending\"\/>\r\n<input type=\"submit\" value=\"G\u00f6nder\"  \/>\r\n<span class=\"arrow-right\"><\/span>\r\n\r\n<\/div>\r\n<\/div>\n\t<input type=\"hidden\" name=\"item_key\" value=\"\" \/>\n\t\t\t<div id=\"frm_field_29_container\">\n\t\t\t<label for=\"field_iyxkp\" >\n\t\t\t\tIf you are human, leave this field blank.\t\t\t<\/label>\n\t\t\t<input  id=\"field_iyxkp\" type=\"text\" class=\"frm_form_field form-field frm_verify\" name=\"item_meta[29]\" value=\"\"  \/>\n\t\t<\/div>\n\t\t<input name=\"frm_state\" type=\"hidden\" value=\"QeLPyWVjwArVR1g1sRMH06Fwoc6zHDfgTER1p6ycVSo=\" \/><\/div>\n<\/fieldset>\n<\/div>\n\n<\/form>\n<\/div>\n\t\t\t<\/div>\n\t\t\t<div class=\"test 2\"><\/div>\n\t\t\t\n\t\t\t\t\t<\/div>\n\t\t\t\t<\/div>\n\t\t\t\t<\/div>\n\t\t\t\t\t<\/div>\n\t\t\t\t<\/div>\n\t\t\t\t<\/div>\n\t\t","protected":false},"excerpt":{"rendered":"","protected":false},"author":1,"featured_media":0,"parent":0,"menu_order":0,"comment_status":"closed","ping_status":"closed","template":"elementor_header_footer","meta":{"footnotes":""},"class_list":["post-3612","page","type-page","status-publish","hentry"],"featured_image_src":"","featured_image_src_square":"","_links":{"self":[{"href":"https:\/\/www.ugurcaninsaat.com\/index.php\/wp-json\/wp\/v2\/pages\/3612","targetHints":{"allow":["GET"]}}],"collection":[{"href":"https:\/\/www.ugurcaninsaat.com\/index.php\/wp-json\/wp\/v2\/pages"}],"about":[{"href":"https:\/\/www.ugurcaninsaat.com\/index.php\/wp-json\/wp\/v2\/types\/page"}],"author":[{"embeddable":true,"href":"https:\/\/www.ugurcaninsaat.com\/index.php\/wp-json\/wp\/v2\/users\/1"}],"replies":[{"embeddable":true,"href":"https:\/\/www.ugurcaninsaat.com\/index.php\/wp-json\/wp\/v2\/comments?post=3612"}],"version-history":[{"count":82,"href":"https:\/\/www.ugurcaninsaat.com\/index.php\/wp-json\/wp\/v2\/pages\/3612\/revisions"}],"predecessor-version":[{"id":6404,"href":"https:\/\/www.ugurcaninsaat.com\/index.php\/wp-json\/wp\/v2\/pages\/3612\/revisions\/6404"}],"wp:attachment":[{"href":"https:\/\/www.ugurcaninsaat.com\/index.php\/wp-json\/wp\/v2\/media?parent=3612"}],"curies":[{"name":"wp","href":"https:\/\/api.w.org\/{rel}","templated":true}]}}