
	
{"id":5924,"date":"2025-07-22T10:30:21","date_gmt":"2025-07-22T10:30:21","guid":{"rendered":"https:\/\/demo.ugurcaninsaat.com\/?page_id=5924"},"modified":"2025-08-13T12:24:20","modified_gmt":"2025-08-13T12:24:20","slug":"projeler","status":"publish","type":"page","link":"https:\/\/www.ugurcaninsaat.com\/index.php\/projeler\/","title":{"rendered":"PROJELER"},"content":{"rendered":"\t\t<div data-elementor-type=\"wp-page\" data-elementor-id=\"5924\" class=\"elementor elementor-5924\">\n\t\t\t\t<div class=\"elementor-element elementor-element-7c7472d e-con-full e-flex e-con e-parent\" data-id=\"7c7472d\" data-element_type=\"container\" data-settings=\"{&quot;background_background&quot;:&quot;gradient&quot;}\">\n\t\t<div class=\"elementor-element elementor-element-f955b0e e-con-full e-flex e-con e-child\" data-id=\"f955b0e\" data-element_type=\"container\" data-settings=\"{&quot;background_background&quot;:&quot;classic&quot;}\">\n\t\t<div class=\"elementor-element elementor-element-c75e93f e-con-full e-flex e-con e-child\" data-id=\"c75e93f\" data-element_type=\"container\" data-settings=\"{&quot;background_background&quot;:&quot;gradient&quot;}\">\n\t\t\t\t<\/div>\n\t\t\t\t<div class=\"elementor-element elementor-element-be6c550 elementor-widget elementor-widget-banner-title\" data-id=\"be6c550\" data-element_type=\"widget\" data-widget_type=\"banner-title.default\">\n\t\t\t\t<div class=\"elementor-widget-container\">\n\t\t\t\t\t\t\t<section class=\"container-fluid top-banner no-padd  big fullheight light\">\t\t\t\t<span class=\"overlay\"><\/span>\n\t\t\t\t\t\t<div class=\"content\">\n\t\t\t\t<div class=\"prague-svg-animation-text\">\n\t\t\t\t\t\t\t\t\t<\/div>\n\t\t\t\t\t\t\t\t<h1 class=\"title\">Projeler<\/h1>\t\t\t\t\t\t\t\t\t\t\t<\/div>\n\t\t\t<div class=\"top-banner-cursor\"><\/div>\n\t\t<\/section>\n\t\t\t\t\t\t<\/div>\n\t\t\t\t<\/div>\n\t\t\t\t<\/div>\n\t\t\t\t<\/div>\n\t\t<div class=\"elementor-element elementor-element-198e472 e-flex e-con-boxed e-con e-parent\" data-id=\"198e472\" data-element_type=\"container\">\n\t\t\t\t\t<div class=\"e-con-inner\">\n\t\t\t\t<div class=\"elementor-element elementor-element-e1c6113 elementor-widget elementor-widget-spacer\" data-id=\"e1c6113\" data-element_type=\"widget\" data-widget_type=\"spacer.default\">\n\t\t\t\t<div class=\"elementor-widget-container\">\n\t\t\t\t\t\t\t<div class=\"elementor-spacer\">\n\t\t\t<div class=\"elementor-spacer-inner\"><\/div>\n\t\t<\/div>\n\t\t\t\t\t\t<\/div>\n\t\t\t\t<\/div>\n\t\t\t\t\t<\/div>\n\t\t\t\t<\/div>\n\t\t<div class=\"elementor-element elementor-element-d8b1307 e-flex e-con-boxed e-con e-parent\" data-id=\"d8b1307\" data-element_type=\"container\">\n\t\t\t\t\t<div class=\"e-con-inner\">\n\t\t\t\t<div class=\"elementor-element elementor-element-ca13ad6 elementor-widget__width-inherit elementor-widget elementor-widget-custom-post-type-widget\" data-id=\"ca13ad6\" data-element_type=\"widget\" data-widget_type=\"custom-post-type-widget.default\">\n\t\t\t\t<div class=\"elementor-widget-container\">\n\t\t\t\t\t<div data-unique-key=\"139714cb2b9c35c987d2544328454258\" class=\"js-load-more\" data-start-page=\"1\" data-max-page=\"1\" data-next-link=\"\"><div class=\"row prague_list prague_count_col4 prague_gap_col15 js-load-more-block no-footer-content no-figure prague-load-wrapper\" data-columns=\"prague_count_col4\" data-gap=\"prague_gap_col15\"><div class=\"project-list-item js-filter-simple-block\"> \n\t<div class=\"project-list-outer\">\n\n\t\t\t\t<div class=\"trans_figures enable_anima\">\n\t\t\t<svg xmlns=\"http:\/\/www.w3.org\/2000\/svg\"\n\t\t\t   preserveAspectRatio=\"xMidYMid meet\">\n\n\t\t\t     \t\t\t       <polygon fill=\"transparent\" points=\"0 200,0 0,200, 0\"  \/>\n\t\t\t     \n\t\t\t<\/svg>\n\t\t<\/div>\n\t\t\t\t\n\t\t<div class=\"project-list-wrapper\">\n\n\t\t\t<div class=\"project-list-img\"> \n\t\t\t\t<img fetchpriority=\"high\" decoding=\"async\" width=\"2560\" height=\"2055\" src=\"https:\/\/www.ugurcaninsaat.com\/wp-content\/uploads\/2017\/01\/gece-3-scaled.jpg\" class=\"s-img-switch wp-post-image\" alt=\"\" srcset=\"https:\/\/www.ugurcaninsaat.com\/wp-content\/uploads\/2017\/01\/gece-3-scaled.jpg 2560w, https:\/\/www.ugurcaninsaat.com\/wp-content\/uploads\/2017\/01\/gece-3-300x241.jpg 300w, https:\/\/www.ugurcaninsaat.com\/wp-content\/uploads\/2017\/01\/gece-3-1024x822.jpg 1024w, https:\/\/www.ugurcaninsaat.com\/wp-content\/uploads\/2017\/01\/gece-3-150x120.jpg 150w, https:\/\/www.ugurcaninsaat.com\/wp-content\/uploads\/2017\/01\/gece-3-768x617.jpg 768w, https:\/\/www.ugurcaninsaat.com\/wp-content\/uploads\/2017\/01\/gece-3-1536x1233.jpg 1536w, https:\/\/www.ugurcaninsaat.com\/wp-content\/uploads\/2017\/01\/gece-3-2048x1644.jpg 2048w, https:\/\/www.ugurcaninsaat.com\/wp-content\/uploads\/2017\/01\/gece-3-500x401.jpg 500w, https:\/\/www.ugurcaninsaat.com\/wp-content\/uploads\/2017\/01\/gece-3-600x482.jpg 600w\" sizes=\"(max-width: 2560px) 100vw, 2560px\" \/>\t\t\t<\/div>\n\n\t\t\t<div class=\"project-list-content\">\n\n\t\t\t\t \n\n\t\t\t\t<h3 class=\"project-list-title\"><a href=\"https:\/\/www.ugurcaninsaat.com\/index.php\/projects-item\/meridiennova\/\" target=\"_blank\">M\u00c9RIDIEN NOVA<\/a><\/h3>\n\t\t\t\t<div class=\"project-list-excerpt\">\n\t\t\t\t\t<p><p>Antalya\u2019n\u0131n merkezinde, B\u00fcy\u00fck\u015fehir Belediyesi\u2019nin hemen yan\u0131nda konumlanan Meridien Nova, \u015fehrin en de\u011ferli noktalar\u0131ndan birinde hayata ge\u00e7irilen, mimari estetik ve fonksiyonelli\u011fi bir araya getiren prestijli bir projedir.<\/p>\n<\/p>\n\t\t\t\t<\/div>\n\n\t\t\t\t<a href=\"https:\/\/www.ugurcaninsaat.com\/index.php\/projects-item\/meridiennova\/\" class=\"project-list-link a-btn-arrow-2\" target=\"_blank\">\n\t\t\t\t\t<span class=\"arrow-right\"><\/span>\n\t\t\t\t\tDetay\t\t\t\t<\/a>\n\n\t\t\t<\/div>\n\t\t<\/div>\n\t<\/div>\n<\/div><div class=\"project-list-item js-filter-simple-block column_paralax\"> \n\t<div class=\"project-list-outer\">\n\n\t\t\t\t<div class=\"trans_figures enable_anima\">\n\t\t\t<svg xmlns=\"http:\/\/www.w3.org\/2000\/svg\"\n\t\t\t   preserveAspectRatio=\"xMidYMid meet\">\n\n\t\t\t     \t\t\t       <circle fill=\"transparent\" cx=\"100\" cy=\"100\" r=\"100\"  \/>\n\t\t\t     \n\t\t\t<\/svg>\n\t\t<\/div>\n\t\t\t\t\n\t\t<div class=\"project-list-wrapper\">\n\n\t\t\t<div class=\"project-list-img\"> \n\t\t\t\t<img decoding=\"async\" width=\"1600\" height=\"1200\" src=\"https:\/\/www.ugurcaninsaat.com\/wp-content\/uploads\/2025\/07\/WhatsApp-Image-2025-06-19-at-10.13.23.jpeg\" class=\"s-img-switch wp-post-image\" alt=\"\" srcset=\"https:\/\/www.ugurcaninsaat.com\/wp-content\/uploads\/2025\/07\/WhatsApp-Image-2025-06-19-at-10.13.23.jpeg 1600w, https:\/\/www.ugurcaninsaat.com\/wp-content\/uploads\/2025\/07\/WhatsApp-Image-2025-06-19-at-10.13.23-600x450.jpeg 600w, https:\/\/www.ugurcaninsaat.com\/wp-content\/uploads\/2025\/07\/WhatsApp-Image-2025-06-19-at-10.13.23-300x225.jpeg 300w, https:\/\/www.ugurcaninsaat.com\/wp-content\/uploads\/2025\/07\/WhatsApp-Image-2025-06-19-at-10.13.23-1024x768.jpeg 1024w, https:\/\/www.ugurcaninsaat.com\/wp-content\/uploads\/2025\/07\/WhatsApp-Image-2025-06-19-at-10.13.23-768x576.jpeg 768w, https:\/\/www.ugurcaninsaat.com\/wp-content\/uploads\/2025\/07\/WhatsApp-Image-2025-06-19-at-10.13.23-1536x1152.jpeg 1536w, https:\/\/www.ugurcaninsaat.com\/wp-content\/uploads\/2025\/07\/WhatsApp-Image-2025-06-19-at-10.13.23-500x375.jpeg 500w\" sizes=\"(max-width: 1600px) 100vw, 1600px\" \/>\t\t\t<\/div>\n\n\t\t\t<div class=\"project-list-content\">\n\n\t\t\t\t \n\n\t\t\t\t<h3 class=\"project-list-title\"><a href=\"https:\/\/www.ugurcaninsaat.com\/index.php\/projects-item\/elikakiziltoprak\/\" target=\"_blank\">EL\u0130KA KIZILTOPRAK<\/a><\/h3>\n\t\t\t\t<div class=\"project-list-excerpt\">\n\t\t\t\t\t<p><p>Antalya\u2019n\u0131n merkezinde konumlanan projemiz, modern ya\u015fam anlay\u0131\u015f\u0131n\u0131 yans\u0131tan mimarisi ve y\u00fcksek standartlardaki donat\u0131lar\u0131yla \u00f6ne \u00e7\u0131kmaktad\u0131r.<\/p>\n<\/p>\n\t\t\t\t<\/div>\n\n\t\t\t\t<a href=\"https:\/\/www.ugurcaninsaat.com\/index.php\/projects-item\/elikakiziltoprak\/\" class=\"project-list-link a-btn-arrow-2\" target=\"_blank\">\n\t\t\t\t\t<span class=\"arrow-right\"><\/span>\n\t\t\t\t\tDetay\t\t\t\t<\/a>\n\n\t\t\t<\/div>\n\t\t<\/div>\n\t<\/div>\n<\/div><div class=\"project-list-item js-filter-simple-block\"> \n\t<div class=\"project-list-outer\">\n\n\t\t\t\t<div class=\"trans_figures enable_anima\">\n\t\t\t<svg xmlns=\"http:\/\/www.w3.org\/2000\/svg\"\n\t\t\t   preserveAspectRatio=\"xMidYMid meet\">\n\n\t\t\t     \t\t\t       <polygon fill=\"transparent\" points=\"0,0 200,0 200,200 0,200\"  \/>\n\t\t\t     \n\t\t\t<\/svg>\n\t\t<\/div>\n\t\t\t\t\n\t\t<div class=\"project-list-wrapper\">\n\n\t\t\t<div class=\"project-list-img\"> \n\t\t\t\t<img decoding=\"async\" width=\"1600\" height=\"900\" src=\"https:\/\/www.ugurcaninsaat.com\/wp-content\/uploads\/2025\/07\/WhatsApp-Image-2025-06-19-at-10.09.22-1.jpeg\" class=\"s-img-switch wp-post-image\" alt=\"\" srcset=\"https:\/\/www.ugurcaninsaat.com\/wp-content\/uploads\/2025\/07\/WhatsApp-Image-2025-06-19-at-10.09.22-1.jpeg 1600w, https:\/\/www.ugurcaninsaat.com\/wp-content\/uploads\/2025\/07\/WhatsApp-Image-2025-06-19-at-10.09.22-1-600x338.jpeg 600w, https:\/\/www.ugurcaninsaat.com\/wp-content\/uploads\/2025\/07\/WhatsApp-Image-2025-06-19-at-10.09.22-1-300x169.jpeg 300w, https:\/\/www.ugurcaninsaat.com\/wp-content\/uploads\/2025\/07\/WhatsApp-Image-2025-06-19-at-10.09.22-1-1024x576.jpeg 1024w, https:\/\/www.ugurcaninsaat.com\/wp-content\/uploads\/2025\/07\/WhatsApp-Image-2025-06-19-at-10.09.22-1-768x432.jpeg 768w, https:\/\/www.ugurcaninsaat.com\/wp-content\/uploads\/2025\/07\/WhatsApp-Image-2025-06-19-at-10.09.22-1-1536x864.jpeg 1536w, https:\/\/www.ugurcaninsaat.com\/wp-content\/uploads\/2025\/07\/WhatsApp-Image-2025-06-19-at-10.09.22-1-500x281.jpeg 500w\" sizes=\"(max-width: 1600px) 100vw, 1600px\" \/>\t\t\t<\/div>\n\n\t\t\t<div class=\"project-list-content\">\n\n\t\t\t\t \n\n\t\t\t\t<h3 class=\"project-list-title\"><a href=\"https:\/\/www.ugurcaninsaat.com\/index.php\/projects-item\/milacorneryenigun\/\" target=\"_blank\">M\u0130L\u00c2 CORNER YEN\u0130G\u00dcN<\/a><\/h3>\n\t\t\t\t<div class=\"project-list-excerpt\">\n\t\t\t\t\t<p><p>Antalya\u2019n\u0131n geli\u015fen ve de\u011fer kazanan b\u00f6lgelerinden Yenig\u00fcn Mahallesi\u2019nde hayata ge\u00e7irdi\u011fimiz M\u0130L\u00c2 CORNER YEN\u0130G\u00dcN projemiz, ticari ve konut alanlar\u0131n\u0131 bir araya getiren \u00e7ok y\u00f6nl\u00fc bir ya\u015fam ve yat\u0131r\u0131m konsepti sunmaktad\u0131r.<\/p>\n<\/p>\n\t\t\t\t<\/div>\n\n\t\t\t\t<a href=\"https:\/\/www.ugurcaninsaat.com\/index.php\/projects-item\/milacorneryenigun\/\" class=\"project-list-link a-btn-arrow-2\" target=\"_blank\">\n\t\t\t\t\t<span class=\"arrow-right\"><\/span>\n\t\t\t\t\tDetay\t\t\t\t<\/a>\n\n\t\t\t<\/div>\n\t\t<\/div>\n\t<\/div>\n<\/div><div class=\"project-list-item js-filter-simple-block\"> \n\t<div class=\"project-list-outer\">\n\n\t\t\t\t<div class=\"trans_figures enable_anima\">\n\t\t\t<svg xmlns=\"http:\/\/www.w3.org\/2000\/svg\"\n\t\t\t   preserveAspectRatio=\"xMidYMid meet\">\n\n\t\t\t     \t\t\t       <polygon fill=\"transparent\" points=\"100,0 180,30 200,100 180,180 100,200 30,180 0,100 30,30\"  \/>\n\t\t\t     \n\t\t\t<\/svg>\n\t\t<\/div>\n\t\t\t\t\n\t\t<div class=\"project-list-wrapper\">\n\n\t\t\t<div class=\"project-list-img\"> \n\t\t\t\t<img loading=\"lazy\" decoding=\"async\" width=\"1600\" height=\"1075\" src=\"https:\/\/www.ugurcaninsaat.com\/wp-content\/uploads\/2017\/01\/PHOTO-2024-05-17-09-30-321.jpg\" class=\"s-img-switch wp-post-image\" alt=\"\" srcset=\"https:\/\/www.ugurcaninsaat.com\/wp-content\/uploads\/2017\/01\/PHOTO-2024-05-17-09-30-321.jpg 1600w, https:\/\/www.ugurcaninsaat.com\/wp-content\/uploads\/2017\/01\/PHOTO-2024-05-17-09-30-321-300x202.jpg 300w, https:\/\/www.ugurcaninsaat.com\/wp-content\/uploads\/2017\/01\/PHOTO-2024-05-17-09-30-321-1024x688.jpg 1024w, https:\/\/www.ugurcaninsaat.com\/wp-content\/uploads\/2017\/01\/PHOTO-2024-05-17-09-30-321-768x516.jpg 768w, https:\/\/www.ugurcaninsaat.com\/wp-content\/uploads\/2017\/01\/PHOTO-2024-05-17-09-30-321-1536x1032.jpg 1536w, https:\/\/www.ugurcaninsaat.com\/wp-content\/uploads\/2017\/01\/PHOTO-2024-05-17-09-30-321-500x336.jpg 500w, https:\/\/www.ugurcaninsaat.com\/wp-content\/uploads\/2017\/01\/PHOTO-2024-05-17-09-30-321-600x403.jpg 600w\" sizes=\"(max-width: 1600px) 100vw, 1600px\" \/>\t\t\t<\/div>\n\n\t\t\t<div class=\"project-list-content\">\n\n\t\t\t\t \n\n\t\t\t\t<h3 class=\"project-list-title\"><a href=\"https:\/\/www.ugurcaninsaat.com\/index.php\/projects-item\/azurekizilarik\/\" target=\"_blank\">AZURE KIZILARIK<\/a><\/h3>\n\t\t\t\t<div class=\"project-list-excerpt\">\n\t\t\t\t\t<p><p>Antalya\u2019n\u0131n merkezinde, konumlanan AZURE KIZILARIK projemiz; modern mimarisi, merkezi lokasyonu ve ya\u015fam konforunu art\u0131ran detaylar\u0131yla dikkat \u00e7ekmektedir. <\/p>\n<\/p>\n\t\t\t\t<\/div>\n\n\t\t\t\t<a href=\"https:\/\/www.ugurcaninsaat.com\/index.php\/projects-item\/azurekizilarik\/\" class=\"project-list-link a-btn-arrow-2\" target=\"_blank\">\n\t\t\t\t\t<span class=\"arrow-right\"><\/span>\n\t\t\t\t\tDetay\t\t\t\t<\/a>\n\n\t\t\t<\/div>\n\t\t<\/div>\n\t<\/div>\n<\/div><div class=\"project-list-item js-filter-simple-block column_paralax\"> \n\t<div class=\"project-list-outer\">\n\n\t\t\t\t<div class=\"trans_figures enable_anima\">\n\t\t\t<svg xmlns=\"http:\/\/www.w3.org\/2000\/svg\"\n\t\t\t   preserveAspectRatio=\"xMidYMid meet\">\n\n\t\t\t     \t\t\t       <circle fill=\"transparent\" cx=\"100\" cy=\"100\" r=\"100\"  \/>\n\t\t\t     \n\t\t\t<\/svg>\n\t\t<\/div>\n\t\t\t\t\n\t\t<div class=\"project-list-wrapper\">\n\n\t\t\t<div class=\"project-list-img\"> \n\t\t\t\t<img loading=\"lazy\" decoding=\"async\" width=\"1920\" height=\"1080\" src=\"https:\/\/www.ugurcaninsaat.com\/wp-content\/uploads\/2017\/01\/2301-10_1-Photo.jpg\" class=\"s-img-switch wp-post-image\" alt=\"\" srcset=\"https:\/\/www.ugurcaninsaat.com\/wp-content\/uploads\/2017\/01\/2301-10_1-Photo.jpg 1920w, https:\/\/www.ugurcaninsaat.com\/wp-content\/uploads\/2017\/01\/2301-10_1-Photo-300x169.jpg 300w, https:\/\/www.ugurcaninsaat.com\/wp-content\/uploads\/2017\/01\/2301-10_1-Photo-1024x576.jpg 1024w, https:\/\/www.ugurcaninsaat.com\/wp-content\/uploads\/2017\/01\/2301-10_1-Photo-768x432.jpg 768w, https:\/\/www.ugurcaninsaat.com\/wp-content\/uploads\/2017\/01\/2301-10_1-Photo-1536x864.jpg 1536w, https:\/\/www.ugurcaninsaat.com\/wp-content\/uploads\/2017\/01\/2301-10_1-Photo-500x281.jpg 500w, https:\/\/www.ugurcaninsaat.com\/wp-content\/uploads\/2017\/01\/2301-10_1-Photo-600x338.jpg 600w\" sizes=\"(max-width: 1920px) 100vw, 1920px\" \/>\t\t\t<\/div>\n\n\t\t\t<div class=\"project-list-content\">\n\n\t\t\t\t \n\n\t\t\t\t<h3 class=\"project-list-title\"><a href=\"https:\/\/www.ugurcaninsaat.com\/index.php\/projects-item\/azureparkyenigun\/\" target=\"_blank\">AZURE PARK YEN\u0130G\u00dcN<\/a><\/h3>\n\t\t\t\t<div class=\"project-list-excerpt\">\n\t\t\t\t\t<p><p>Antalya\u2019n\u0131n merkezi b\u00f6lgelerinden Yenig\u00fcn Mahallesi\u2019nde konumlanan AZURE PARK YEN\u0130G\u00dcN projemiz, modern ya\u015fam\u0131n t\u00fcm gereksinimlerini kar\u015f\u0131layan konut konseptiyle \u00f6ne \u00e7\u0131kmaktad\u0131r.<\/p>\n<\/p>\n\t\t\t\t<\/div>\n\n\t\t\t\t<a href=\"https:\/\/www.ugurcaninsaat.com\/index.php\/projects-item\/azureparkyenigun\/\" class=\"project-list-link a-btn-arrow-2\" target=\"_blank\">\n\t\t\t\t\t<span class=\"arrow-right\"><\/span>\n\t\t\t\t\tDetay\t\t\t\t<\/a>\n\n\t\t\t<\/div>\n\t\t<\/div>\n\t<\/div>\n<\/div><div class=\"project-list-item js-filter-simple-block\"> \n\t<div class=\"project-list-outer\">\n\n\t\t\t\t<div class=\"trans_figures enable_anima\">\n\t\t\t<svg xmlns=\"http:\/\/www.w3.org\/2000\/svg\"\n\t\t\t   preserveAspectRatio=\"xMidYMid meet\">\n\n\t\t\t     \t\t\t       <polygon fill=\"transparent\" points=\"0,0 200,0 200,200 0,200\"  \/>\n\t\t\t     \n\t\t\t<\/svg>\n\t\t<\/div>\n\t\t\t\t\n\t\t<div class=\"project-list-wrapper\">\n\n\t\t\t<div class=\"project-list-img\"> \n\t\t\t\t<img loading=\"lazy\" decoding=\"async\" width=\"1600\" height=\"900\" src=\"https:\/\/www.ugurcaninsaat.com\/wp-content\/uploads\/2017\/01\/PHOTO-2023-10-07-16-32-06-1-1.jpg\" class=\"s-img-switch wp-post-image\" alt=\"\" srcset=\"https:\/\/www.ugurcaninsaat.com\/wp-content\/uploads\/2017\/01\/PHOTO-2023-10-07-16-32-06-1-1.jpg 1600w, https:\/\/www.ugurcaninsaat.com\/wp-content\/uploads\/2017\/01\/PHOTO-2023-10-07-16-32-06-1-1-300x169.jpg 300w, https:\/\/www.ugurcaninsaat.com\/wp-content\/uploads\/2017\/01\/PHOTO-2023-10-07-16-32-06-1-1-1024x576.jpg 1024w, https:\/\/www.ugurcaninsaat.com\/wp-content\/uploads\/2017\/01\/PHOTO-2023-10-07-16-32-06-1-1-768x432.jpg 768w, https:\/\/www.ugurcaninsaat.com\/wp-content\/uploads\/2017\/01\/PHOTO-2023-10-07-16-32-06-1-1-1536x864.jpg 1536w, https:\/\/www.ugurcaninsaat.com\/wp-content\/uploads\/2017\/01\/PHOTO-2023-10-07-16-32-06-1-1-500x281.jpg 500w, https:\/\/www.ugurcaninsaat.com\/wp-content\/uploads\/2017\/01\/PHOTO-2023-10-07-16-32-06-1-1-600x338.jpg 600w\" sizes=\"(max-width: 1600px) 100vw, 1600px\" \/>\t\t\t<\/div>\n\n\t\t\t<div class=\"project-list-content\">\n\n\t\t\t\t \n\n\t\t\t\t<h3 class=\"project-list-title\"><a href=\"https:\/\/www.ugurcaninsaat.com\/index.php\/projects-item\/perlaetiler\/\" target=\"_blank\">PERLA ET\u0130LER<\/a><\/h3>\n\t\t\t\t<div class=\"project-list-excerpt\">\n\t\t\t\t\t<p><p>Antalya\u2019n\u0131n de\u011ferli lokasyonlar\u0131ndan Etiler Mahallesi\u2019nde y\u00fckselen PERLA ET\u0130LER projemiz, modern ya\u015fam anlay\u0131\u015f\u0131yla tasarlanm\u0131\u015f \u00f6zel bir konut projesidir.<\/p>\n<\/p>\n\t\t\t\t<\/div>\n\n\t\t\t\t<a href=\"https:\/\/www.ugurcaninsaat.com\/index.php\/projects-item\/perlaetiler\/\" class=\"project-list-link a-btn-arrow-2\" target=\"_blank\">\n\t\t\t\t\t<span class=\"arrow-right\"><\/span>\n\t\t\t\t\tDetay\t\t\t\t<\/a>\n\n\t\t\t<\/div>\n\t\t<\/div>\n\t<\/div>\n<\/div><div class=\"project-list-item js-filter-simple-block\"> \n\t<div class=\"project-list-outer\">\n\n\t\t\t\t<div class=\"trans_figures enable_anima\">\n\t\t\t<svg xmlns=\"http:\/\/www.w3.org\/2000\/svg\"\n\t\t\t   preserveAspectRatio=\"xMidYMid meet\">\n\n\t\t\t     \t\t\t       <polygon fill=\"transparent\" points=\"100,0 180,30 200,100 180,180 100,200 30,180 0,100 30,30\"  \/>\n\t\t\t     \n\t\t\t<\/svg>\n\t\t<\/div>\n\t\t\t\t\n\t\t<div class=\"project-list-wrapper\">\n\n\t\t\t<div class=\"project-list-img\"> \n\t\t\t\t<img loading=\"lazy\" decoding=\"async\" width=\"1600\" height=\"900\" src=\"https:\/\/www.ugurcaninsaat.com\/wp-content\/uploads\/2017\/01\/WhatsApp-Gorsel-2025-07-18-saat-15.24.35_6465c617.jpg\" class=\"s-img-switch wp-post-image\" alt=\"\" srcset=\"https:\/\/www.ugurcaninsaat.com\/wp-content\/uploads\/2017\/01\/WhatsApp-Gorsel-2025-07-18-saat-15.24.35_6465c617.jpg 1600w, https:\/\/www.ugurcaninsaat.com\/wp-content\/uploads\/2017\/01\/WhatsApp-Gorsel-2025-07-18-saat-15.24.35_6465c617-300x169.jpg 300w, https:\/\/www.ugurcaninsaat.com\/wp-content\/uploads\/2017\/01\/WhatsApp-Gorsel-2025-07-18-saat-15.24.35_6465c617-1024x576.jpg 1024w, https:\/\/www.ugurcaninsaat.com\/wp-content\/uploads\/2017\/01\/WhatsApp-Gorsel-2025-07-18-saat-15.24.35_6465c617-150x84.jpg 150w, https:\/\/www.ugurcaninsaat.com\/wp-content\/uploads\/2017\/01\/WhatsApp-Gorsel-2025-07-18-saat-15.24.35_6465c617-768x432.jpg 768w, https:\/\/www.ugurcaninsaat.com\/wp-content\/uploads\/2017\/01\/WhatsApp-Gorsel-2025-07-18-saat-15.24.35_6465c617-1536x864.jpg 1536w, https:\/\/www.ugurcaninsaat.com\/wp-content\/uploads\/2017\/01\/WhatsApp-Gorsel-2025-07-18-saat-15.24.35_6465c617-500x281.jpg 500w, https:\/\/www.ugurcaninsaat.com\/wp-content\/uploads\/2017\/01\/WhatsApp-Gorsel-2025-07-18-saat-15.24.35_6465c617-600x338.jpg 600w\" sizes=\"(max-width: 1600px) 100vw, 1600px\" \/>\t\t\t<\/div>\n\n\t\t\t<div class=\"project-list-content\">\n\n\t\t\t\t \n\n\t\t\t\t<h3 class=\"project-list-title\"><a href=\"https:\/\/www.ugurcaninsaat.com\/index.php\/projects-item\/perlakizilarik\/\" target=\"_blank\">PERLA KIZILARIK<\/a><\/h3>\n\t\t\t\t<div class=\"project-list-excerpt\">\n\t\t\t\t\t<p><p>Projemiz, konut ve ticari alanlar\u0131 bir araya getiren modern bir ya\u015fam ve yat\u0131r\u0131m konsepti sunmaktad\u0131r.<\/p>\n<\/p>\n\t\t\t\t<\/div>\n\n\t\t\t\t<a href=\"https:\/\/www.ugurcaninsaat.com\/index.php\/projects-item\/perlakizilarik\/\" class=\"project-list-link a-btn-arrow-2\" target=\"_blank\">\n\t\t\t\t\t<span class=\"arrow-right\"><\/span>\n\t\t\t\t\tDetay\t\t\t\t<\/a>\n\n\t\t\t<\/div>\n\t\t<\/div>\n\t<\/div>\n<\/div><div class=\"project-list-item js-filter-simple-block column_paralax\"> \n\t<div class=\"project-list-outer\">\n\n\t\t\t\t<div class=\"trans_figures enable_anima\">\n\t\t\t<svg xmlns=\"http:\/\/www.w3.org\/2000\/svg\"\n\t\t\t   preserveAspectRatio=\"xMidYMid meet\">\n\n\t\t\t     \t\t\t       <circle fill=\"transparent\" cx=\"100\" cy=\"100\" r=\"100\"  \/>\n\t\t\t     \n\t\t\t<\/svg>\n\t\t<\/div>\n\t\t\t\t\n\t\t<div class=\"project-list-wrapper\">\n\n\t\t\t<div class=\"project-list-img\"> \n\t\t\t\t<img loading=\"lazy\" decoding=\"async\" width=\"1198\" height=\"674\" src=\"https:\/\/www.ugurcaninsaat.com\/wp-content\/uploads\/2017\/01\/perla_yenigun_4.jpg\" class=\"s-img-switch wp-post-image\" alt=\"\" srcset=\"https:\/\/www.ugurcaninsaat.com\/wp-content\/uploads\/2017\/01\/perla_yenigun_4.jpg 1198w, https:\/\/www.ugurcaninsaat.com\/wp-content\/uploads\/2017\/01\/perla_yenigun_4-300x169.jpg 300w, https:\/\/www.ugurcaninsaat.com\/wp-content\/uploads\/2017\/01\/perla_yenigun_4-1024x576.jpg 1024w, https:\/\/www.ugurcaninsaat.com\/wp-content\/uploads\/2017\/01\/perla_yenigun_4-150x84.jpg 150w, https:\/\/www.ugurcaninsaat.com\/wp-content\/uploads\/2017\/01\/perla_yenigun_4-768x432.jpg 768w, https:\/\/www.ugurcaninsaat.com\/wp-content\/uploads\/2017\/01\/perla_yenigun_4-500x281.jpg 500w, https:\/\/www.ugurcaninsaat.com\/wp-content\/uploads\/2017\/01\/perla_yenigun_4-600x338.jpg 600w\" sizes=\"(max-width: 1198px) 100vw, 1198px\" \/>\t\t\t<\/div>\n\n\t\t\t<div class=\"project-list-content\">\n\n\t\t\t\t \n\n\t\t\t\t<h3 class=\"project-list-title\"><a href=\"https:\/\/www.ugurcaninsaat.com\/index.php\/projects-item\/perlayenigun\/\" target=\"_blank\">PERLA YEN\u0130G\u00dcN<\/a><\/h3>\n\t\t\t\t<div class=\"project-list-excerpt\">\n\t\t\t\t\t<p><p>Antalya\u2019n\u0131n Yenig\u00fcn Mahallesi\u2019nde konumlanan PERLA YEN\u0130G\u00dcN, ayr\u0131cal\u0131kl\u0131 ya\u015fam\u0131 yeniden tan\u0131mlayan modern bir konut projesidir.<\/p>\n<\/p>\n\t\t\t\t<\/div>\n\n\t\t\t\t<a href=\"https:\/\/www.ugurcaninsaat.com\/index.php\/projects-item\/perlayenigun\/\" class=\"project-list-link a-btn-arrow-2\" target=\"_blank\">\n\t\t\t\t\t<span class=\"arrow-right\"><\/span>\n\t\t\t\t\tDetay\t\t\t\t<\/a>\n\n\t\t\t<\/div>\n\t\t<\/div>\n\t<\/div>\n<\/div>\t\t<\/div>\n\t\t\t\n\t\t<\/div>\n\t\t\t\t\t\t<\/div>\n\t\t\t\t<\/div>\n\t\t\t\t\t<\/div>\n\t\t\t\t<\/div>\n\t\t\t\t<\/div>\n\t\t","protected":false},"excerpt":{"rendered":"[vc_row][vc_column][vc_column_text css=\"\"]Antalya\u2019n\u0131n Yenig\u00fcn Mahallesi\u2019nde konumlanan PERLA YEN\u0130G\u00dcN, ayr\u0131cal\u0131kl\u0131 ya\u015fam\u0131 yeniden tan\u0131mlayan modern bir konut projesidir. 2 bloktan olu\u015fan, \u015f\u0131k mimarisiyle","protected":false},"author":1,"featured_media":0,"parent":0,"menu_order":0,"comment_status":"closed","ping_status":"closed","template":"elementor_header_footer","meta":{"footnotes":""},"class_list":["post-5924","page","type-page","status-publish","hentry"],"featured_image_src":"","featured_image_src_square":"","_links":{"self":[{"href":"https:\/\/www.ugurcaninsaat.com\/index.php\/wp-json\/wp\/v2\/pages\/5924","targetHints":{"allow":["GET"]}}],"collection":[{"href":"https:\/\/www.ugurcaninsaat.com\/index.php\/wp-json\/wp\/v2\/pages"}],"about":[{"href":"https:\/\/www.ugurcaninsaat.com\/index.php\/wp-json\/wp\/v2\/types\/page"}],"author":[{"embeddable":true,"href":"https:\/\/www.ugurcaninsaat.com\/index.php\/wp-json\/wp\/v2\/users\/1"}],"replies":[{"embeddable":true,"href":"https:\/\/www.ugurcaninsaat.com\/index.php\/wp-json\/wp\/v2\/comments?post=5924"}],"version-history":[{"count":62,"href":"https:\/\/www.ugurcaninsaat.com\/index.php\/wp-json\/wp\/v2\/pages\/5924\/revisions"}],"predecessor-version":[{"id":6387,"href":"https:\/\/www.ugurcaninsaat.com\/index.php\/wp-json\/wp\/v2\/pages\/5924\/revisions\/6387"}],"wp:attachment":[{"href":"https:\/\/www.ugurcaninsaat.com\/index.php\/wp-json\/wp\/v2\/media?parent=5924"}],"curies":[{"name":"wp","href":"https:\/\/api.w.org\/{rel}","templated":true}]}}